{"id":286,"date":"2017-05-03T13:19:04","date_gmt":"2017-05-03T11:19:04","guid":{"rendered":"https:\/\/vodapay.de\/?page_id=286"},"modified":"2018-08-16T23:53:26","modified_gmt":"2018-08-16T21:53:26","slug":"homepage","status":"publish","type":"page","link":"https:\/\/vodapay.de\/de\/","title":{"rendered":"VodaPAY"},"content":{"rendered":"<p><em>Voda<strong>PAY<\/strong><\/em> ist eine t\u00fcrkische Aktiengesellschaft, welches sich im Antragsstadium f\u00fcr ein elektronisches Geld und Zahllizenz bei der T\u00fcrkischen www.BDDK.org beantragt. Unser Angebot wird die Geld\u00fcberweisung und Zahlungen mit elektronischem Geld sein.<\/p>\n<p>Ihr Vodapay Team<\/p>\n","protected":false},"excerpt":{"rendered":"<p>VodaPAY ist eine t\u00fcrkische Aktiengesellschaft, welches sich im Antragsstadium f\u00fcr ein elektronisches Geld und Zahllizenz bei der T\u00fcrkischen www.BDDK.org beantragt. Unser Angebot wird die Geld\u00fcberweisung und Zahlungen mit elektronischem Geld sein. Ihr Vodapay Team<\/p>\n","protected":false},"author":1,"featured_media":0,"parent":0,"menu_order":0,"comment_status":"closed","ping_status":"closed","template":"","meta":{"footnotes":""},"class_list":["post-286","page","type-page","status-publish","hentry"],"_links":{"self":[{"href":"https:\/\/vodapay.de\/de\/wp-json\/wp\/v2\/pages\/286"}],"collection":[{"href":"https:\/\/vodapay.de\/de\/wp-json\/wp\/v2\/pages"}],"about":[{"href":"https:\/\/vodapay.de\/de\/wp-json\/wp\/v2\/types\/page"}],"author":[{"embeddable":true,"href":"https:\/\/vodapay.de\/de\/wp-json\/wp\/v2\/users\/1"}],"replies":[{"embeddable":true,"href":"https:\/\/vodapay.de\/de\/wp-json\/wp\/v2\/comments?post=286"}],"version-history":[{"count":22,"href":"https:\/\/vodapay.de\/de\/wp-json\/wp\/v2\/pages\/286\/revisions"}],"predecessor-version":[{"id":290,"href":"https:\/\/vodapay.de\/de\/wp-json\/wp\/v2\/pages\/286\/revisions\/290"}],"wp:attachment":[{"href":"https:\/\/vodapay.de\/de\/wp-json\/wp\/v2\/media?parent=286"}],"curies":[{"name":"wp","href":"https:\/\/api.w.org\/{rel}","templated":true}]}}