{"id":441,"date":"2017-05-15T13:53:56","date_gmt":"2017-05-15T11:53:56","guid":{"rendered":"https:\/\/vodapay.de\/?page_id=441"},"modified":"2020-06-13T11:35:53","modified_gmt":"2020-06-13T09:35:53","slug":"our-team","status":"publish","type":"page","link":"https:\/\/vodapay.de\/de\/our-team\/","title":{"rendered":"Unser Team"},"content":{"rendered":"<p>&nbsp;<\/p>\n<p>Vodapay Aktiengesellschaft<\/p>\n<p><span id=\"result_box\" class=\"short_text\" lang=\"en\"><span class=\"\">\u00a0\u00a0\u00a0\u00a0\u00a0\u00a0\u00a0\u00a0\u00a0\u00a0\u00a0 Unabh\u00e4ngiger Steuerberater<br \/>\n<\/span><\/span><\/p>\n<p><img loading=\"lazy\" decoding=\"async\" class=\"alignnone size-medium wp-image-555\" src=\"https:\/\/vodapay.de\/wp-content\/uploads\/2017\/05\/Ender-mali-m\u00fcsavir-22.05.2017-2-282x300.jpg\" alt=\"\" width=\"282\" height=\"300\" srcset=\"https:\/\/vodapay.de\/wp-content\/uploads\/2017\/05\/Ender-mali-m\u00fcsavir-22.05.2017-2-282x300.jpg 282w, https:\/\/vodapay.de\/wp-content\/uploads\/2017\/05\/Ender-mali-m\u00fcsavir-22.05.2017-2.jpg 526w\" sizes=\"(max-width: 282px) 100vw, 282px\" \/><\/p>\n<p>Ender Tasdelen<\/p>\n<p>Ich Ender Tasdelen bin am 26.02.1970<\/p>\n<p>in Izmir-T\u00fcrkei geboren, ich bin verheiratet<\/p>\n<p>und ich habe 3 Kinder.<\/p>\n<p>Ich habe die Universit\u00e4t im Bereich<\/p>\n<p>Wirtschaftswissenschaften 1995 in<\/p>\n<p>Izmir-T\u00fcrkei abgeschlossen, danach<\/p>\n<p>habe ich meine Zulassung als unabh\u00e4ngiger<\/p>\n<p>Steuerberater am 12.02.2002 in<\/p>\n<p>Izmir-T\u00fcrkei erhalten.<\/p>\n<p>Meine Zulassung als Wirtschaftspr\u00fcfer habe<\/p>\n<p>ich am 08.02.2015 ebenfalls in Izmir-T\u00fcrkei<\/p>\n<p>erhalten.<\/p>\n<p>Ich spreche T\u00fcrkisch, Englisch und Franz\u00f6sisch.<\/p>\n<p>F\u00fcr Vodapay AG mache ich die<\/p>\n<p>Steuererkl\u00e4rungen und stehe den externen<\/p>\n<p>Wirtschaftspr\u00fcfern zur Seite.<\/p>\n<p>&nbsp;<\/p>\n<p>&nbsp;<\/p>\n","protected":false},"excerpt":{"rendered":"<p>&nbsp; Vodapay Aktiengesellschaft \u00a0\u00a0\u00a0\u00a0\u00a0\u00a0\u00a0\u00a0\u00a0\u00a0\u00a0 Unabh\u00e4ngiger Steuerberater Ender Tasdelen Ich Ender Tasdelen bin am 26.02.1970 in Izmir-T\u00fcrkei geboren, ich bin verheiratet und ich habe 3 Kinder. Ich habe die Universit\u00e4t im Bereich Wirtschaftswissenschaften 1995 in Izmir-T\u00fcrkei abgeschlossen, danach habe ich meine<\/p>\n","protected":false},"author":1,"featured_media":0,"parent":0,"menu_order":0,"comment_status":"closed","ping_status":"closed","template":"","meta":{"footnotes":""},"class_list":["post-441","page","type-page","status-publish","hentry"],"_links":{"self":[{"href":"https:\/\/vodapay.de\/de\/wp-json\/wp\/v2\/pages\/441"}],"collection":[{"href":"https:\/\/vodapay.de\/de\/wp-json\/wp\/v2\/pages"}],"about":[{"href":"https:\/\/vodapay.de\/de\/wp-json\/wp\/v2\/types\/page"}],"author":[{"embeddable":true,"href":"https:\/\/vodapay.de\/de\/wp-json\/wp\/v2\/users\/1"}],"replies":[{"embeddable":true,"href":"https:\/\/vodapay.de\/de\/wp-json\/wp\/v2\/comments?post=441"}],"version-history":[{"count":29,"href":"https:\/\/vodapay.de\/de\/wp-json\/wp\/v2\/pages\/441\/revisions"}],"predecessor-version":[{"id":629,"href":"https:\/\/vodapay.de\/de\/wp-json\/wp\/v2\/pages\/441\/revisions\/629"}],"wp:attachment":[{"href":"https:\/\/vodapay.de\/de\/wp-json\/wp\/v2\/media?parent=441"}],"curies":[{"name":"wp","href":"https:\/\/api.w.org\/{rel}","templated":true}]}}