{"id":492,"date":"2017-05-15T17:36:49","date_gmt":"2017-05-15T15:36:49","guid":{"rendered":"https:\/\/vodapay.de\/?page_id=492"},"modified":"2017-05-15T17:42:24","modified_gmt":"2017-05-15T15:42:24","slug":"vodapay-smartphone-bluetooth-credit-card-reader","status":"publish","type":"page","link":"https:\/\/vodapay.de\/de\/vodapay-smartphone-bluetooth-credit-card-reader\/","title":{"rendered":"Vodapay verschl\u00fcsselter Bluetooth f\u00e4higes Kreditkartenleseger\u00e4t f\u00fcr Smartphones"},"content":{"rendered":"<p>Vodapay verschl\u00fcsselter Bluetooth f\u00e4higes Kreditkartenleseger\u00e4t f\u00fcr Smartphones<\/p>\n<p><img loading=\"lazy\" decoding=\"async\" class=\"alignnone size-medium wp-image-487\" src=\"https:\/\/vodapay.de\/wp-content\/uploads\/2017\/05\/IMG_5049-225x300.jpg\" alt=\"\" width=\"225\" height=\"300\" srcset=\"https:\/\/vodapay.de\/wp-content\/uploads\/2017\/05\/IMG_5049-225x300.jpg 225w, https:\/\/vodapay.de\/wp-content\/uploads\/2017\/05\/IMG_5049.jpg 306w\" sizes=\"(max-width: 225px) 100vw, 225px\" \/><\/p>\n<p>Vodapay verschl\u00fcsselter Bluetooth f\u00e4higes Kreditkartenleseger\u00e4t f\u00fcr alle Smartphones geeignet<\/p>\n<p><img loading=\"lazy\" decoding=\"async\" class=\"alignnone size-medium wp-image-486\" src=\"https:\/\/vodapay.de\/wp-content\/uploads\/2017\/05\/IMG_5051-300x225.jpg\" alt=\"\" width=\"300\" height=\"225\" srcset=\"https:\/\/vodapay.de\/wp-content\/uploads\/2017\/05\/IMG_5051-300x225.jpg 300w, https:\/\/vodapay.de\/wp-content\/uploads\/2017\/05\/IMG_5051-768x576.jpg 768w, https:\/\/vodapay.de\/wp-content\/uploads\/2017\/05\/IMG_5051-1024x768.jpg 1024w\" sizes=\"(max-width: 300px) 100vw, 300px\" \/><\/p>\n","protected":false},"excerpt":{"rendered":"<p>Vodapay verschl\u00fcsselter Bluetooth f\u00e4higes Kreditkartenleseger\u00e4t f\u00fcr Smartphones Vodapay verschl\u00fcsselter Bluetooth f\u00e4higes Kreditkartenleseger\u00e4t f\u00fcr alle Smartphones geeignet<\/p>\n","protected":false},"author":1,"featured_media":0,"parent":0,"menu_order":0,"comment_status":"closed","ping_status":"closed","template":"","meta":{"footnotes":""},"class_list":["post-492","page","type-page","status-publish","hentry"],"_links":{"self":[{"href":"https:\/\/vodapay.de\/de\/wp-json\/wp\/v2\/pages\/492"}],"collection":[{"href":"https:\/\/vodapay.de\/de\/wp-json\/wp\/v2\/pages"}],"about":[{"href":"https:\/\/vodapay.de\/de\/wp-json\/wp\/v2\/types\/page"}],"author":[{"embeddable":true,"href":"https:\/\/vodapay.de\/de\/wp-json\/wp\/v2\/users\/1"}],"replies":[{"embeddable":true,"href":"https:\/\/vodapay.de\/de\/wp-json\/wp\/v2\/comments?post=492"}],"version-history":[{"count":3,"href":"https:\/\/vodapay.de\/de\/wp-json\/wp\/v2\/pages\/492\/revisions"}],"predecessor-version":[{"id":496,"href":"https:\/\/vodapay.de\/de\/wp-json\/wp\/v2\/pages\/492\/revisions\/496"}],"wp:attachment":[{"href":"https:\/\/vodapay.de\/de\/wp-json\/wp\/v2\/media?parent=492"}],"curies":[{"name":"wp","href":"https:\/\/api.w.org\/{rel}","templated":true}]}}