{"id":497,"date":"2017-05-15T17:43:31","date_gmt":"2017-05-15T15:43:31","guid":{"rendered":"https:\/\/vodapay.de\/?page_id=497"},"modified":"2017-05-15T18:05:30","modified_gmt":"2017-05-15T16:05:30","slug":"vodapay-mini-printer-with-creditcardreader","status":"publish","type":"page","link":"https:\/\/vodapay.de\/de\/vodapay-mini-printer-with-creditcardreader\/","title":{"rendered":"Vodapay mini Drucker mit Kreditkartenleser"},"content":{"rendered":"<p>Vodapay mini Drucker mit Kreditkartenleser<\/p>\n<p>geignet f\u00fcr alle Kreditkarten mit Chips und Magnetstreifen<\/p>\n<p>mit bluetooth und mini usb<\/p>\n<p>f\u00fcr alle Smartphones geeignet<\/p>\n<p>geeignet f\u00fcr Taxifahrer, Pizzaservices und mobile Verk\u00e4ufer<\/p>\n<p>f\u00fcr alle die mobil sofort eine Quittung ausdrucken m\u00fcssen<\/p>\n<p><img loading=\"lazy\" decoding=\"async\" class=\"alignnone size-medium wp-image-501\" src=\"https:\/\/vodapay.de\/wp-content\/uploads\/2017\/05\/IMG_5035-225x300.jpg\" alt=\"\" width=\"225\" height=\"300\" srcset=\"https:\/\/vodapay.de\/wp-content\/uploads\/2017\/05\/IMG_5035-225x300.jpg 225w, https:\/\/vodapay.de\/wp-content\/uploads\/2017\/05\/IMG_5035-768x1024.jpg 768w\" sizes=\"(max-width: 225px) 100vw, 225px\" \/><\/p>\n<p>Liest Magnetkarten und Karten mit Chips<\/p>\n<p>&nbsp;<\/p>\n","protected":false},"excerpt":{"rendered":"<p>Vodapay mini Drucker mit Kreditkartenleser geignet f\u00fcr alle Kreditkarten mit Chips und Magnetstreifen mit bluetooth und mini usb f\u00fcr alle Smartphones geeignet geeignet f\u00fcr Taxifahrer, Pizzaservices und mobile Verk\u00e4ufer f\u00fcr alle die mobil sofort eine Quittung ausdrucken m\u00fcssen Liest Magnetkarten<\/p>\n","protected":false},"author":1,"featured_media":0,"parent":0,"menu_order":0,"comment_status":"closed","ping_status":"closed","template":"","meta":{"footnotes":""},"class_list":["post-497","page","type-page","status-publish","hentry"],"_links":{"self":[{"href":"https:\/\/vodapay.de\/de\/wp-json\/wp\/v2\/pages\/497"}],"collection":[{"href":"https:\/\/vodapay.de\/de\/wp-json\/wp\/v2\/pages"}],"about":[{"href":"https:\/\/vodapay.de\/de\/wp-json\/wp\/v2\/types\/page"}],"author":[{"embeddable":true,"href":"https:\/\/vodapay.de\/de\/wp-json\/wp\/v2\/users\/1"}],"replies":[{"embeddable":true,"href":"https:\/\/vodapay.de\/de\/wp-json\/wp\/v2\/comments?post=497"}],"version-history":[{"count":10,"href":"https:\/\/vodapay.de\/de\/wp-json\/wp\/v2\/pages\/497\/revisions"}],"predecessor-version":[{"id":511,"href":"https:\/\/vodapay.de\/de\/wp-json\/wp\/v2\/pages\/497\/revisions\/511"}],"wp:attachment":[{"href":"https:\/\/vodapay.de\/de\/wp-json\/wp\/v2\/media?parent=497"}],"curies":[{"name":"wp","href":"https:\/\/api.w.org\/{rel}","templated":true}]}}