{"id":535,"date":"2017-05-15T18:35:59","date_gmt":"2017-05-15T16:35:59","guid":{"rendered":"https:\/\/vodapay.de\/?page_id=535"},"modified":"2017-05-15T18:38:52","modified_gmt":"2017-05-15T16:38:52","slug":"vodapay-magnetic-and-chips-bluetooth-credit-card-reader-with-pinpad","status":"publish","type":"page","link":"https:\/\/vodapay.de\/de\/vodapay-magnetic-and-chips-bluetooth-credit-card-reader-with-pinpad\/","title":{"rendered":"Vodapay Magnet und Chips Bluetooth verschl\u00fcsselter Kreditkartenleser mit Pinpad"},"content":{"rendered":"<p>Vodapay Magnet und Chips Bluetooth verschl\u00fcsselter Kreditkartenleser mit Pinpad, geeignet f\u00fcr alle Smartphones<\/p>\n<p><img loading=\"lazy\" decoding=\"async\" class=\"alignnone size-medium wp-image-536\" src=\"https:\/\/vodapay.de\/wp-content\/uploads\/2017\/05\/IMG_5031-225x300.jpg\" alt=\"\" width=\"225\" height=\"300\" srcset=\"https:\/\/vodapay.de\/wp-content\/uploads\/2017\/05\/IMG_5031-225x300.jpg 225w, https:\/\/vodapay.de\/wp-content\/uploads\/2017\/05\/IMG_5031-768x1024.jpg 768w\" sizes=\"(max-width: 225px) 100vw, 225px\" \/><\/p>\n","protected":false},"excerpt":{"rendered":"<p>Vodapay Magnet und Chips Bluetooth verschl\u00fcsselter Kreditkartenleser mit Pinpad, geeignet f\u00fcr alle Smartphones<\/p>\n","protected":false},"author":1,"featured_media":0,"parent":0,"menu_order":0,"comment_status":"closed","ping_status":"closed","template":"","meta":{"footnotes":""},"class_list":["post-535","page","type-page","status-publish","hentry"],"_links":{"self":[{"href":"https:\/\/vodapay.de\/de\/wp-json\/wp\/v2\/pages\/535"}],"collection":[{"href":"https:\/\/vodapay.de\/de\/wp-json\/wp\/v2\/pages"}],"about":[{"href":"https:\/\/vodapay.de\/de\/wp-json\/wp\/v2\/types\/page"}],"author":[{"embeddable":true,"href":"https:\/\/vodapay.de\/de\/wp-json\/wp\/v2\/users\/1"}],"replies":[{"embeddable":true,"href":"https:\/\/vodapay.de\/de\/wp-json\/wp\/v2\/comments?post=535"}],"version-history":[{"count":3,"href":"https:\/\/vodapay.de\/de\/wp-json\/wp\/v2\/pages\/535\/revisions"}],"predecessor-version":[{"id":540,"href":"https:\/\/vodapay.de\/de\/wp-json\/wp\/v2\/pages\/535\/revisions\/540"}],"wp:attachment":[{"href":"https:\/\/vodapay.de\/de\/wp-json\/wp\/v2\/media?parent=535"}],"curies":[{"name":"wp","href":"https:\/\/api.w.org\/{rel}","templated":true}]}}