{"id":541,"date":"2017-05-15T18:51:19","date_gmt":"2017-05-15T16:51:19","guid":{"rendered":"https:\/\/vodapay.de\/?page_id=541"},"modified":"2017-05-15T19:01:44","modified_gmt":"2017-05-15T17:01:44","slug":"vodapay-magnetic-and-chips-credit-card-reader-with-pin-pad-and-barcode-reader","status":"publish","type":"page","link":"https:\/\/vodapay.de\/de\/vodapay-magnetic-and-chips-credit-card-reader-with-pin-pad-and-barcode-reader\/","title":{"rendered":"Vodapay Magnet und Chips Kreditkartenleseger\u00e4t mit Pin Pad und Barcode Leser"},"content":{"rendered":"<p>Vodapay Magnet und Chips Kreditkartenleseger\u00e4t mit Pin Pad und Barcode Leser<\/p>\n<p>f\u00fcr Iphone 4, 5, 6, 7<\/p>\n<p>sowie \u00e4hnliche L\u00f6sung f\u00fcr Samsung<\/p>\n<p><img loading=\"lazy\" decoding=\"async\" class=\"alignnone size-medium wp-image-542\" src=\"https:\/\/vodapay.de\/wp-content\/uploads\/2017\/05\/IMG_5030-225x300.jpg\" alt=\"\" width=\"225\" height=\"300\" srcset=\"https:\/\/vodapay.de\/wp-content\/uploads\/2017\/05\/IMG_5030-225x300.jpg 225w, https:\/\/vodapay.de\/wp-content\/uploads\/2017\/05\/IMG_5030-768x1024.jpg 768w\" sizes=\"(max-width: 225px) 100vw, 225px\" \/><\/p>\n","protected":false},"excerpt":{"rendered":"<p>Vodapay Magnet und Chips Kreditkartenleseger\u00e4t mit Pin Pad und Barcode Leser f\u00fcr Iphone 4, 5, 6, 7 sowie \u00e4hnliche L\u00f6sung f\u00fcr Samsung<\/p>\n","protected":false},"author":1,"featured_media":0,"parent":0,"menu_order":0,"comment_status":"closed","ping_status":"closed","template":"","meta":{"footnotes":""},"class_list":["post-541","page","type-page","status-publish","hentry"],"_links":{"self":[{"href":"https:\/\/vodapay.de\/de\/wp-json\/wp\/v2\/pages\/541"}],"collection":[{"href":"https:\/\/vodapay.de\/de\/wp-json\/wp\/v2\/pages"}],"about":[{"href":"https:\/\/vodapay.de\/de\/wp-json\/wp\/v2\/types\/page"}],"author":[{"embeddable":true,"href":"https:\/\/vodapay.de\/de\/wp-json\/wp\/v2\/users\/1"}],"replies":[{"embeddable":true,"href":"https:\/\/vodapay.de\/de\/wp-json\/wp\/v2\/comments?post=541"}],"version-history":[{"count":7,"href":"https:\/\/vodapay.de\/de\/wp-json\/wp\/v2\/pages\/541\/revisions"}],"predecessor-version":[{"id":550,"href":"https:\/\/vodapay.de\/de\/wp-json\/wp\/v2\/pages\/541\/revisions\/550"}],"wp:attachment":[{"href":"https:\/\/vodapay.de\/de\/wp-json\/wp\/v2\/media?parent=541"}],"curies":[{"name":"wp","href":"https:\/\/api.w.org\/{rel}","templated":true}]}}