{"id":473,"date":"2017-05-15T16:58:08","date_gmt":"2017-05-15T14:58:08","guid":{"rendered":"https:\/\/vodapay.de\/?page_id=473"},"modified":"2017-05-15T18:20:45","modified_gmt":"2017-05-15T16:20:45","slug":"vodapay-credit-card-reader-with-pinpad","status":"publish","type":"page","link":"https:\/\/vodapay.de\/tr\/vodapay-credit-card-reader-with-pinpad\/","title":{"rendered":"Vodapay Cipli Pinli Kredikart Okuyucusu"},"content":{"rendered":"<p>Vodapay Pinli Kredikart Okuyucusu<\/p>\n<p>t\u00fcm M\u00fcsterilerinizden Paranizi aninda tahsil etmek icin veya \u00f6demenizi yapabilmeniz icin.<\/p>\n<p><img loading=\"lazy\" decoding=\"async\" class=\"alignnone size-medium wp-image-480\" src=\"https:\/\/vodapay.de\/wp-content\/uploads\/2017\/05\/IMG_5042-225x300.jpg\" alt=\"\" width=\"225\" height=\"300\" srcset=\"https:\/\/vodapay.de\/wp-content\/uploads\/2017\/05\/IMG_5042-225x300.jpg 225w, https:\/\/vodapay.de\/wp-content\/uploads\/2017\/05\/IMG_5042-768x1024.jpg 768w\" sizes=\"(max-width: 225px) 100vw, 225px\" \/><\/p>\n<p>Vodapay Pinli Kredikart Okuyucusu t\u00fcm akilli cep telefonlar icin uygun<\/p>\n<p><img loading=\"lazy\" decoding=\"async\" class=\"alignnone size-medium wp-image-478\" src=\"https:\/\/vodapay.de\/wp-content\/uploads\/2017\/05\/IMG_5040-225x300.jpg\" alt=\"\" width=\"225\" height=\"300\" srcset=\"https:\/\/vodapay.de\/wp-content\/uploads\/2017\/05\/IMG_5040-225x300.jpg 225w, https:\/\/vodapay.de\/wp-content\/uploads\/2017\/05\/IMG_5040-768x1024.jpg 768w\" sizes=\"(max-width: 225px) 100vw, 225px\" \/><\/p>\n<p>&nbsp;<\/p>\n","protected":false},"excerpt":{"rendered":"<p>Vodapay Pinli Kredikart Okuyucusu t\u00fcm M\u00fcsterilerinizden Paranizi aninda tahsil etmek icin veya \u00f6demenizi yapabilmeniz icin. Vodapay Pinli Kredikart Okuyucusu t\u00fcm akilli cep telefonlar icin uygun &nbsp;<\/p>\n","protected":false},"author":1,"featured_media":0,"parent":0,"menu_order":0,"comment_status":"closed","ping_status":"closed","template":"","meta":{"footnotes":""},"class_list":["post-473","page","type-page","status-publish","hentry"],"_links":{"self":[{"href":"https:\/\/vodapay.de\/tr\/wp-json\/wp\/v2\/pages\/473"}],"collection":[{"href":"https:\/\/vodapay.de\/tr\/wp-json\/wp\/v2\/pages"}],"about":[{"href":"https:\/\/vodapay.de\/tr\/wp-json\/wp\/v2\/types\/page"}],"author":[{"embeddable":true,"href":"https:\/\/vodapay.de\/tr\/wp-json\/wp\/v2\/users\/1"}],"replies":[{"embeddable":true,"href":"https:\/\/vodapay.de\/tr\/wp-json\/wp\/v2\/comments?post=473"}],"version-history":[{"count":11,"href":"https:\/\/vodapay.de\/tr\/wp-json\/wp\/v2\/pages\/473\/revisions"}],"predecessor-version":[{"id":528,"href":"https:\/\/vodapay.de\/tr\/wp-json\/wp\/v2\/pages\/473\/revisions\/528"}],"wp:attachment":[{"href":"https:\/\/vodapay.de\/tr\/wp-json\/wp\/v2\/media?parent=473"}],"curies":[{"name":"wp","href":"https:\/\/api.w.org\/{rel}","templated":true}]}}