{"id":497,"date":"2017-05-15T17:43:31","date_gmt":"2017-05-15T15:43:31","guid":{"rendered":"https:\/\/vodapay.de\/?page_id=497"},"modified":"2017-05-15T18:05:30","modified_gmt":"2017-05-15T16:05:30","slug":"vodapay-mini-printer-with-creditcardreader","status":"publish","type":"page","link":"https:\/\/vodapay.de\/tr\/vodapay-mini-printer-with-creditcardreader\/","title":{"rendered":"Vodapay k\u00fcc\u00fck Yazici Kredikart okuyucusunla beraber"},"content":{"rendered":"<p>Vodapay k\u00fcc\u00fck Yazici Kredikart okuyucusunla beraber<\/p>\n<p>cipli ve seritli Kredikartlarini okur<\/p>\n<p>bluetooth lu ve k\u00fcc\u00fck usb baglantili<\/p>\n<p>t\u00fcm mobil akilli telefonlar icin uygundur<\/p>\n<p>Taksiciler, Pizza Servislerine, Seyyar saticilar icin uygundur<\/p>\n<p>aninda fis kesebileceksiniz<\/p>\n<p><img loading=\"lazy\" decoding=\"async\" class=\"alignnone size-medium wp-image-501\" src=\"https:\/\/vodapay.de\/wp-content\/uploads\/2017\/05\/IMG_5035-225x300.jpg\" alt=\"\" width=\"225\" height=\"300\" srcset=\"https:\/\/vodapay.de\/wp-content\/uploads\/2017\/05\/IMG_5035-225x300.jpg 225w, https:\/\/vodapay.de\/wp-content\/uploads\/2017\/05\/IMG_5035-768x1024.jpg 768w\" sizes=\"(max-width: 225px) 100vw, 225px\" \/><\/p>\n<p>cipli ve seritli Kredikartlarini okur<\/p>\n<p><img loading=\"lazy\" decoding=\"async\" class=\"alignnone size-medium wp-image-500\" src=\"https:\/\/vodapay.de\/wp-content\/uploads\/2017\/05\/IMG_5034-225x300.jpg\" alt=\"\" width=\"225\" height=\"300\" srcset=\"https:\/\/vodapay.de\/wp-content\/uploads\/2017\/05\/IMG_5034-225x300.jpg 225w, https:\/\/vodapay.de\/wp-content\/uploads\/2017\/05\/IMG_5034-768x1024.jpg 768w\" sizes=\"(max-width: 225px) 100vw, 225px\" \/><\/p>\n","protected":false},"excerpt":{"rendered":"<p>Vodapay k\u00fcc\u00fck Yazici Kredikart okuyucusunla beraber cipli ve seritli Kredikartlarini okur bluetooth lu ve k\u00fcc\u00fck usb baglantili t\u00fcm mobil akilli telefonlar icin uygundur Taksiciler, Pizza Servislerine, Seyyar saticilar icin uygundur aninda fis kesebileceksiniz cipli ve seritli Kredikartlarini okur<\/p>\n","protected":false},"author":1,"featured_media":0,"parent":0,"menu_order":0,"comment_status":"closed","ping_status":"closed","template":"","meta":{"footnotes":""},"class_list":["post-497","page","type-page","status-publish","hentry"],"_links":{"self":[{"href":"https:\/\/vodapay.de\/tr\/wp-json\/wp\/v2\/pages\/497"}],"collection":[{"href":"https:\/\/vodapay.de\/tr\/wp-json\/wp\/v2\/pages"}],"about":[{"href":"https:\/\/vodapay.de\/tr\/wp-json\/wp\/v2\/types\/page"}],"author":[{"embeddable":true,"href":"https:\/\/vodapay.de\/tr\/wp-json\/wp\/v2\/users\/1"}],"replies":[{"embeddable":true,"href":"https:\/\/vodapay.de\/tr\/wp-json\/wp\/v2\/comments?post=497"}],"version-history":[{"count":10,"href":"https:\/\/vodapay.de\/tr\/wp-json\/wp\/v2\/pages\/497\/revisions"}],"predecessor-version":[{"id":511,"href":"https:\/\/vodapay.de\/tr\/wp-json\/wp\/v2\/pages\/497\/revisions\/511"}],"wp:attachment":[{"href":"https:\/\/vodapay.de\/tr\/wp-json\/wp\/v2\/media?parent=497"}],"curies":[{"name":"wp","href":"https:\/\/api.w.org\/{rel}","templated":true}]}}